{"id":8857,"date":"2025-04-03T17:33:20","date_gmt":"2025-04-03T17:33:20","guid":{"rendered":"https:\/\/orquideadermamed.cl\/formacion\/?post_type=product&#038;p=8857"},"modified":"2025-04-03T17:33:20","modified_gmt":"2025-04-03T17:33:20","slug":"ekseption-coach-skin-lab-innovacion-en-peelings-organicos","status":"publish","type":"product","link":"https:\/\/orquideadermamed.cl\/formacion\/product\/ekseption-coach-skin-lab-innovacion-en-peelings-organicos\/","title":{"rendered":"EKSEPTION COACH: SKIN LAB Innovaci\u00f3n en peelings org\u00e1nicos"},"content":{"rendered":"<p>Descubre la innovaci\u00f3n detr\u00e1s de los peelings EKSEPTION en un workshop te\u00f3rico- pr\u00e1ctico, donde exploraremos su composici\u00f3n, activadores y formulaci\u00f3n avanzada.<\/p>\n","protected":false},"excerpt":{"rendered":"<p>Descubre la innovaci\u00f3n detr\u00e1s de los peelings EKSEPTION en un workshop te\u00f3rico- pr\u00e1ctico, donde exploraremos su composici\u00f3n, activadores y formulaci\u00f3n avanzada.<\/p>\n","protected":false},"featured_media":8858,"template":"","meta":[],"product_brand":[],"product_cat":[32],"product_tag":[],"class_list":{"0":"post-8857","1":"product","2":"type-product","3":"status-publish","4":"has-post-thumbnail","6":"product_cat-peeling","7":"description-off","9":"first","10":"instock","11":"shipping-taxable","12":"product-type-simple"},"_links":{"self":[{"href":"https:\/\/orquideadermamed.cl\/formacion\/wp-json\/wp\/v2\/product\/8857","targetHints":{"allow":["GET"]}}],"collection":[{"href":"https:\/\/orquideadermamed.cl\/formacion\/wp-json\/wp\/v2\/product"}],"about":[{"href":"https:\/\/orquideadermamed.cl\/formacion\/wp-json\/wp\/v2\/types\/product"}],"version-history":[{"count":2,"href":"https:\/\/orquideadermamed.cl\/formacion\/wp-json\/wp\/v2\/product\/8857\/revisions"}],"predecessor-version":[{"id":8860,"href":"https:\/\/orquideadermamed.cl\/formacion\/wp-json\/wp\/v2\/product\/8857\/revisions\/8860"}],"wp:featuredmedia":[{"embeddable":true,"href":"https:\/\/orquideadermamed.cl\/formacion\/wp-json\/wp\/v2\/media\/8858"}],"wp:attachment":[{"href":"https:\/\/orquideadermamed.cl\/formacion\/wp-json\/wp\/v2\/media?parent=8857"}],"wp:term":[{"taxonomy":"product_brand","embeddable":true,"href":"https:\/\/orquideadermamed.cl\/formacion\/wp-json\/wp\/v2\/product_brand?post=8857"},{"taxonomy":"product_cat","embeddable":true,"href":"https:\/\/orquideadermamed.cl\/formacion\/wp-json\/wp\/v2\/product_cat?post=8857"},{"taxonomy":"product_tag","embeddable":true,"href":"https:\/\/orquideadermamed.cl\/formacion\/wp-json\/wp\/v2\/product_tag?post=8857"}],"curies":[{"name":"wp","href":"https:\/\/api.w.org\/{rel}","templated":true}]}}