{"id":8871,"date":"2025-04-29T19:26:17","date_gmt":"2025-04-29T19:26:17","guid":{"rendered":"https:\/\/orquideadermamed.cl\/formacion\/?post_type=product&#038;p=8871"},"modified":"2025-04-29T19:26:17","modified_gmt":"2025-04-29T19:26:17","slug":"neauvia-on-boarding-dr-diego-araya-bruna","status":"publish","type":"product","link":"https:\/\/orquideadermamed.cl\/formacion\/product\/neauvia-on-boarding-dr-diego-araya-bruna\/","title":{"rendered":"NEAUVIA ON BOARDING &#8211; Dr. Diego Araya Bruna"},"content":{"rendered":"<p>Un viaje exclusivo hacia la innovaci\u00f3n en medicina est\u00e9tica. Durante este vuelo, exploraremos juntos el universo de Neauvia, sumergi\u00e9ndonos en su tecnolog\u00eda avanzada, su ciencia de bioestimulaci\u00f3n fisiol\u00f3gica y las t\u00e9cnicas m\u00e1s vanguardistas en uso de fillers.<\/p>\n","protected":false},"excerpt":{"rendered":"<p>Un viaje exclusivo hacia la innovaci\u00f3n en medicina est\u00e9tica. Durante este vuelo, exploraremos juntos el universo de Neauvia, sumergi\u00e9ndonos en su tecnolog\u00eda avanzada, su ciencia de bioestimulaci\u00f3n fisiol\u00f3gica y las t\u00e9cnicas m\u00e1s vanguardistas en uso de fillers.<\/p>\n","protected":false},"featured_media":8872,"template":"","meta":[],"product_brand":[],"product_cat":[29],"product_tag":[],"class_list":{"0":"post-8871","1":"product","2":"type-product","3":"status-publish","4":"has-post-thumbnail","6":"product_cat-fillers","7":"description-off","9":"first","10":"instock","11":"shipping-taxable","12":"product-type-simple"},"_links":{"self":[{"href":"https:\/\/orquideadermamed.cl\/formacion\/wp-json\/wp\/v2\/product\/8871","targetHints":{"allow":["GET"]}}],"collection":[{"href":"https:\/\/orquideadermamed.cl\/formacion\/wp-json\/wp\/v2\/product"}],"about":[{"href":"https:\/\/orquideadermamed.cl\/formacion\/wp-json\/wp\/v2\/types\/product"}],"version-history":[{"count":1,"href":"https:\/\/orquideadermamed.cl\/formacion\/wp-json\/wp\/v2\/product\/8871\/revisions"}],"predecessor-version":[{"id":8873,"href":"https:\/\/orquideadermamed.cl\/formacion\/wp-json\/wp\/v2\/product\/8871\/revisions\/8873"}],"wp:featuredmedia":[{"embeddable":true,"href":"https:\/\/orquideadermamed.cl\/formacion\/wp-json\/wp\/v2\/media\/8872"}],"wp:attachment":[{"href":"https:\/\/orquideadermamed.cl\/formacion\/wp-json\/wp\/v2\/media?parent=8871"}],"wp:term":[{"taxonomy":"product_brand","embeddable":true,"href":"https:\/\/orquideadermamed.cl\/formacion\/wp-json\/wp\/v2\/product_brand?post=8871"},{"taxonomy":"product_cat","embeddable":true,"href":"https:\/\/orquideadermamed.cl\/formacion\/wp-json\/wp\/v2\/product_cat?post=8871"},{"taxonomy":"product_tag","embeddable":true,"href":"https:\/\/orquideadermamed.cl\/formacion\/wp-json\/wp\/v2\/product_tag?post=8871"}],"curies":[{"name":"wp","href":"https:\/\/api.w.org\/{rel}","templated":true}]}}