{"id":8876,"date":"2025-05-13T19:34:59","date_gmt":"2025-05-13T19:34:59","guid":{"rendered":"https:\/\/orquideadermamed.cl\/formacion\/?post_type=product&#038;p=8876"},"modified":"2025-05-13T19:35:00","modified_gmt":"2025-05-13T19:35:00","slug":"odm-protokols-rino-mesh","status":"publish","type":"product","link":"https:\/\/orquideadermamed.cl\/formacion\/product\/odm-protokols-rino-mesh\/","title":{"rendered":"ODM protoKOLS: rino mesh"},"content":{"rendered":"<p>Rinomodelaci\u00f3n avanzada con tecnolog\u00eda de enmallado y \u00c1cido Hialur\u00f3nico para resultados m\u00e1s definidos y duraderos, junto a TESS y NEAUVIA.<br \/>\nSpeaker: Dr. Diego Araya Bruna<\/p>\n","protected":false},"excerpt":{"rendered":"<p>Rinomodelaci\u00f3n avanzada con tecnolog\u00eda de enmallado y \u00c1cido Hialur\u00f3nico para resultados m\u00e1s definidos y duraderos, junto a TESS y NEAUVIA. Speaker: Dr. Diego Araya Bruna<\/p>\n","protected":false},"featured_media":8877,"template":"","meta":[],"product_brand":[],"product_cat":[29,30],"product_tag":[],"class_list":{"0":"post-8876","1":"product","2":"type-product","3":"status-publish","4":"has-post-thumbnail","6":"product_cat-fillers","7":"product_cat-mallas","8":"description-off","10":"first","11":"instock","12":"shipping-taxable","13":"product-type-simple"},"_links":{"self":[{"href":"https:\/\/orquideadermamed.cl\/formacion\/wp-json\/wp\/v2\/product\/8876","targetHints":{"allow":["GET"]}}],"collection":[{"href":"https:\/\/orquideadermamed.cl\/formacion\/wp-json\/wp\/v2\/product"}],"about":[{"href":"https:\/\/orquideadermamed.cl\/formacion\/wp-json\/wp\/v2\/types\/product"}],"version-history":[{"count":1,"href":"https:\/\/orquideadermamed.cl\/formacion\/wp-json\/wp\/v2\/product\/8876\/revisions"}],"predecessor-version":[{"id":8878,"href":"https:\/\/orquideadermamed.cl\/formacion\/wp-json\/wp\/v2\/product\/8876\/revisions\/8878"}],"wp:featuredmedia":[{"embeddable":true,"href":"https:\/\/orquideadermamed.cl\/formacion\/wp-json\/wp\/v2\/media\/8877"}],"wp:attachment":[{"href":"https:\/\/orquideadermamed.cl\/formacion\/wp-json\/wp\/v2\/media?parent=8876"}],"wp:term":[{"taxonomy":"product_brand","embeddable":true,"href":"https:\/\/orquideadermamed.cl\/formacion\/wp-json\/wp\/v2\/product_brand?post=8876"},{"taxonomy":"product_cat","embeddable":true,"href":"https:\/\/orquideadermamed.cl\/formacion\/wp-json\/wp\/v2\/product_cat?post=8876"},{"taxonomy":"product_tag","embeddable":true,"href":"https:\/\/orquideadermamed.cl\/formacion\/wp-json\/wp\/v2\/product_tag?post=8876"}],"curies":[{"name":"wp","href":"https:\/\/api.w.org\/{rel}","templated":true}]}}