{"id":8895,"date":"2025-08-28T19:42:38","date_gmt":"2025-08-28T19:42:38","guid":{"rendered":"https:\/\/orquideadermamed.cl\/formacion\/?post_type=product&#038;p=8895"},"modified":"2025-08-28T19:42:38","modified_gmt":"2025-08-28T19:42:38","slug":"neauvia-master-touch","status":"publish","type":"product","link":"https:\/\/orquideadermamed.cl\/formacion\/product\/neauvia-master-touch\/","title":{"rendered":"NEAUVIA MASTER TOUCH"},"content":{"rendered":"<p>Mentor\u00eda profesional en bio fillers pegilados<br \/>\n&#8211; belleza con ciencia, precisi\u00f3n y prop\u00f3sito &#8211; <\/p>\n<p>Dirigido a m\u00e9dicos y dodont\u00f3logos que buscan especializarse en la l\u00ednea Neauvia y ofrecer tratamientos de alto impacto, seguros y naturales.<\/p>\n","protected":false},"excerpt":{"rendered":"<p>Mentor\u00eda profesional en bio fillers pegilados &#8211; belleza con ciencia, precisi\u00f3n y prop\u00f3sito &#8211; Dirigido a m\u00e9dicos y dodont\u00f3logos que buscan especializarse en la l\u00ednea Neauvia y ofrecer tratamientos de alto impacto, seguros y naturales.<\/p>\n","protected":false},"featured_media":8896,"template":"","meta":[],"product_brand":[],"product_cat":[29],"product_tag":[],"class_list":{"0":"post-8895","1":"product","2":"type-product","3":"status-publish","4":"has-post-thumbnail","6":"product_cat-fillers","7":"description-off","9":"first","10":"instock","11":"shipping-taxable","12":"product-type-simple"},"_links":{"self":[{"href":"https:\/\/orquideadermamed.cl\/formacion\/wp-json\/wp\/v2\/product\/8895","targetHints":{"allow":["GET"]}}],"collection":[{"href":"https:\/\/orquideadermamed.cl\/formacion\/wp-json\/wp\/v2\/product"}],"about":[{"href":"https:\/\/orquideadermamed.cl\/formacion\/wp-json\/wp\/v2\/types\/product"}],"version-history":[{"count":1,"href":"https:\/\/orquideadermamed.cl\/formacion\/wp-json\/wp\/v2\/product\/8895\/revisions"}],"predecessor-version":[{"id":8897,"href":"https:\/\/orquideadermamed.cl\/formacion\/wp-json\/wp\/v2\/product\/8895\/revisions\/8897"}],"wp:featuredmedia":[{"embeddable":true,"href":"https:\/\/orquideadermamed.cl\/formacion\/wp-json\/wp\/v2\/media\/8896"}],"wp:attachment":[{"href":"https:\/\/orquideadermamed.cl\/formacion\/wp-json\/wp\/v2\/media?parent=8895"}],"wp:term":[{"taxonomy":"product_brand","embeddable":true,"href":"https:\/\/orquideadermamed.cl\/formacion\/wp-json\/wp\/v2\/product_brand?post=8895"},{"taxonomy":"product_cat","embeddable":true,"href":"https:\/\/orquideadermamed.cl\/formacion\/wp-json\/wp\/v2\/product_cat?post=8895"},{"taxonomy":"product_tag","embeddable":true,"href":"https:\/\/orquideadermamed.cl\/formacion\/wp-json\/wp\/v2\/product_tag?post=8895"}],"curies":[{"name":"wp","href":"https:\/\/api.w.org\/{rel}","templated":true}]}}